{"id":2306,"date":"2018-05-29T06:00:53","date_gmt":"2018-05-29T06:00:53","guid":{"rendered":"http:\/\/demo.roadthemes.com\/makali\/?page_id=61"},"modified":"2021-01-31T15:11:18","modified_gmt":"2021-01-31T12:11:18","slug":"kontakt","status":"publish","type":"page","link":"https:\/\/sulsena.pl\/en\/kontakt\/","title":{"rendered":"Contacts"},"content":{"rendered":"[vc_row][vc_column el_class=&#8221;contact-text&#8221; offset=&#8221;vc_col-lg-3 vc_col-md-3&#8243;][vc_column_text]\n<h1>Contacts<\/h1>\n[\/vc_column_text][vc_column_text]\n<ul>\n<li><img loading=\"lazy\" class=\"alignnone size-full wp-image-675\" src=\"\/wp-content\/uploads\/2018\/07\/contact-icon1.png\" alt=\"\" width=\"34\" height=\"40\" \/><br \/>\n<h4>Address<\/h4>\n<p>Pro-Grup Polska LLC<br \/>\n14 Alley of Colonel W\u0142adys\u0142aw Belina-Pra\u017cmowski, 31-514, Cracow, Poland<\/li>\n<li><img loading=\"lazy\" class=\"alignnone size-full wp-image-676\" src=\"\/wp-content\/uploads\/2018\/07\/contact-icon2.png\" alt=\"\" width=\"36\" height=\"40\" \/><br \/>\n<h4>Phone<\/h4>\n<p><a href=\"tel:+48537183213\">+48 537 183 213<\/a><br \/>\nMon-Fri 09:00 &#8211; 18:00<\/li>\n<li><img loading=\"lazy\" class=\"alignnone size-full wp-image-677\" src=\"\/wp-content\/uploads\/2018\/07\/contact-icon3.png\" alt=\"\" width=\"38\" height=\"42\" \/><br \/>\n<h4>Email<\/h4>\n<p><a href=\"mailto:andrzej.jermakow@pro-grup.pl\">andrzej.jermakow@pro-grup.pl<\/a><br \/>\n24 x 7 Online Support<\/li>\n<\/ul>\n[\/vc_column_text][\/vc_column][vc_column offset=&#8221;vc_col-lg-1 vc_col-md-1 vc_hidden-sm&#8221;][\/vc_column][vc_column el_class=&#8221;contact-form&#8221; offset=&#8221;vc_col-lg-8 vc_col-md-8&#8243;][vc_column_text]\n<h3>Submit your question<\/h3>\n[\/vc_column_text]<div role=\"form\" class=\"wpcf7\" id=\"wpcf7-f2123-o1\" lang=\"ru-RU\" dir=\"ltr\">\n<div class=\"screen-reader-response\"><p role=\"status\" aria-live=\"polite\" aria-atomic=\"true\"><\/p> <ul><\/ul><\/div>\n<form action=\"\/en\/wp-json\/wp\/v2\/pages\/2306#wpcf7-f2123-o1\" method=\"post\" class=\"wpcf7-form init\" novalidate=\"novalidate\" data-status=\"init\">\n<div style=\"display: none;\">\n<input type=\"hidden\" name=\"_wpcf7\" value=\"2123\" \/>\n<input type=\"hidden\" name=\"_wpcf7_version\" value=\"5.4.1\" \/>\n<input type=\"hidden\" name=\"_wpcf7_locale\" value=\"ru_RU\" \/>\n<input type=\"hidden\" name=\"_wpcf7_unit_tag\" value=\"wpcf7-f2123-o1\" \/>\n<input type=\"hidden\" name=\"_wpcf7_container_post\" value=\"0\" \/>\n<input type=\"hidden\" name=\"_wpcf7_posted_data_hash\" value=\"\" \/>\n<\/div>\n<p><label> Your name (required)<br \/>\n    <span class=\"wpcf7-form-control-wrap your-name\"><input type=\"text\" name=\"your-name\" value=\"\" size=\"40\" class=\"wpcf7-form-control wpcf7-text wpcf7-validates-as-required\" aria-required=\"true\" aria-invalid=\"false\" \/><\/span> <\/label><\/p>\n<p><label> Your Email (required)<br \/>\n    <span class=\"wpcf7-form-control-wrap your-email\"><input type=\"email\" name=\"your-email\" value=\"\" size=\"40\" class=\"wpcf7-form-control wpcf7-text wpcf7-email wpcf7-validates-as-required wpcf7-validates-as-email\" aria-required=\"true\" aria-invalid=\"false\" \/><\/span> <\/label><\/p>\n<p><label> Message<br \/>\n    <span class=\"wpcf7-form-control-wrap your-message\"><textarea name=\"your-message\" cols=\"40\" rows=\"10\" class=\"wpcf7-form-control wpcf7-textarea\" aria-invalid=\"false\"><\/textarea><\/span> <\/label><\/p>\n<p><input type=\"submit\" value=\"Send message\" class=\"wpcf7-form-control wpcf7-submit\" \/><\/p>\n<div class=\"wpcf7-response-output\" aria-hidden=\"true\"><\/div><\/form><\/div>[\/vc_column][\/vc_row][vc_row full_width=&#8221;stretch_row_content_no_spaces&#8221;][vc_column][vc_gmaps link=&#8221;#E-8_JTNDaWZyYW1lJTIwc3JjJTNEJTIyaHR0cHMlM0ElMkYlMkZ3d3cuZ29vZ2xlLmNvbSUyRm1hcHMlMkZlbWJlZCUzRnBiJTNEJTIxMW0xOCUyMTFtMTIlMjExbTMlMjExZDI1NjAuOTY4NzM0MzI1ODY3JTIxMmQxOS45NTY4MDAyMTU3MTc1NiUyMTNkNTAuMDY4MTQ3MTc5NDI0NTQlMjEybTMlMjExZjAlMjEyZjAlMjEzZjAlMjEzbTIlMjExaTEwMjQlMjEyaTc2OCUyMTRmMTMuMSUyMTNtMyUyMTFtMiUyMTFzMHg0NzE2NWIxOGE5ZjFkMTU5JTI1M0EweDhlMGVkMDdkYjJjNzMxYWQlMjEyelFXeGxhbUVnVUhYRmdtdHZkMjVwYTJFZ1Y4V0NZV1I1YzhXQ1lYZGhJRUpsYkdsdWVTMVFjbUhGdkcxdmQzTnJhV1ZuYnlBeE5Dd2dNekV0TlRFMElFdHlZV3ZEczNjc0lOQ2YwTDdRdTlHTTBZalFzQSUyMTVlMCUyMTNtMiUyMTFzcnUlMjEyc2J5JTIxNHYxNjAzMTk2MDk0Mzc4JTIxNW0yJTIxMXNydSUyMTJzYnklMjIlMjB3aWR0aCUzRCUyMjYwMCUyMiUyMGhlaWdodCUzRCUyMjQ1MCUyMiUyMGZyYW1lYm9yZGVyJTNEJTIyMCUyMiUyMHN0eWxlJTNEJTIyYm9yZGVyJTNBMCUzQiUyMiUyMGFsbG93ZnVsbHNjcmVlbiUzRCUyMiUyMiUyMGFyaWEtaGlkZGVuJTNEJTIyZmFsc2UlMjIlMjB0YWJpbmRleCUzRCUyMjAlMjIlM0UlM0MlMkZpZnJhbWUlM0U=&#8221;][\/vc_column][\/vc_row]","protected":false},"excerpt":{"rendered":"<p>[vc_row][vc_column el_class=&#8221;contact-text&#8221; offset=&#8221;vc_col-lg-3 vc_col-md-3&#8243;][vc_column_text] Contacts [\/vc_column_text][vc_column_text] Address Pro-Grup Polska LLC 14 Alley of Colonel W\u0142adys\u0142aw Belina-Pra\u017cmowski, 31-514, Cracow, Poland Phone +48 537 183 213 Mon-Fri 09:00 &#8211; 18:00 Email andrzej.jermakow@pro-grup.pl 24 x 7 Online Support [\/vc_column_text][\/vc_column][vc_column offset=&#8221;vc_col-lg-1 vc_col-md-1 vc_hidden-sm&#8221;][\/vc_column][vc_column el_class=&#8221;contact-form&#8221;<\/p>\n","protected":false},"author":2,"featured_media":0,"parent":0,"menu_order":0,"comment_status":"closed","ping_status":"closed","template":"page-templates\/contact-page.php","meta":[],"yoast_head":"<!-- This site is optimized with the Yoast SEO plugin v16.2 - https:\/\/yoast.com\/wordpress\/plugins\/seo\/ -->\n<title>Contacts - SULSENA<\/title>\n<meta name=\"robots\" content=\"index, follow, max-snippet:-1, max-image-preview:large, max-video-preview:-1\" \/>\n<link rel=\"canonical\" href=\"https:\/\/sulsena.pl\/kontakt\/\" \/>\n<meta property=\"og:locale\" content=\"en_US\" \/>\n<meta property=\"og:type\" content=\"article\" \/>\n<meta property=\"og:title\" content=\"[:en]Contacts - SULSENA[:pl]Kontakt - SULSENA[:][:][:][:]\" \/>\n<meta property=\"og:description\" content=\"[vc_row][vc_column el_class=&#8221;contact-text&#8221; offset=&#8221;vc_col-lg-3 vc_col-md-3&#8243;][vc_column_text] Contacts [\/vc_column_text][vc_column_text] Address Pro-Grup Polska LLC 14 Alley of Colonel W\u0142adys\u0142aw Belina-Pra\u017cmowski, 31-514, Cracow, Poland Phone +48 537 183 213 Mon-Fri 09:00 &#8211; 18:00 Email andrzej.jermakow@pro-grup.pl 24 x 7 Online Support [\/vc_column_text][\/vc_column][vc_column offset=&#8221;vc_col-lg-1 vc_col-md-1 vc_hidden-sm&#8221;][\/vc_column][vc_column el_class=&#8221;contact-form&#8221;\" \/>\n<meta property=\"og:url\" content=\"https:\/\/sulsena.pl\/kontakt\/\" \/>\n<meta property=\"og:site_name\" content=\"SULSENA\" \/>\n<meta property=\"article:modified_time\" content=\"2021-01-31T12:11:18+00:00\" \/>\n<meta property=\"og:image\" content=\"https:\/\/sulsena.pl\/wp-content\/uploads\/2018\/07\/contact-icon1.png\" \/>\n<meta name=\"twitter:card\" content=\"summary_large_image\" \/>\n<meta name=\"twitter:label1\" content=\"Est. reading time\">\n\t<meta name=\"twitter:data1\" content=\"2 minutes\">\n<script type=\"application\/ld+json\" class=\"yoast-schema-graph\">{\"@context\":\"https:\/\/schema.org\",\"@graph\":[{\"@type\":\"Organization\",\"@id\":\"https:\/\/sulsena.pl\/#organization\",\"name\":\"Sulsena\",\"url\":\"https:\/\/sulsena.pl\/\",\"sameAs\":[],\"logo\":{\"@type\":\"ImageObject\",\"@id\":\"https:\/\/sulsena.pl\/#logo\",\"inLanguage\":\"en-US\",\"url\":\"https:\/\/sulsena.pl\/wp-content\/uploads\/2020\/10\/s_logo_en_footer.png\",\"contentUrl\":\"https:\/\/sulsena.pl\/wp-content\/uploads\/2020\/10\/s_logo_en_footer.png\",\"width\":254,\"height\":86,\"caption\":\"Sulsena\"},\"image\":{\"@id\":\"https:\/\/sulsena.pl\/#logo\"}},{\"@type\":\"WebSite\",\"@id\":\"https:\/\/sulsena.pl\/#website\",\"url\":\"https:\/\/sulsena.pl\/\",\"name\":\"SULSENA\",\"description\":\"SULSENA\",\"publisher\":{\"@id\":\"https:\/\/sulsena.pl\/#organization\"},\"potentialAction\":[{\"@type\":\"SearchAction\",\"target\":\"https:\/\/sulsena.pl\/?s={search_term_string}\",\"query-input\":\"required name=search_term_string\"}],\"inLanguage\":\"en-US\"},{\"@type\":\"ImageObject\",\"@id\":\"https:\/\/sulsena.pl\/kontakt\/#primaryimage\",\"inLanguage\":\"en-US\",\"url\":\"\/wp-content\/uploads\/2018\/07\/contact-icon1.png\",\"contentUrl\":\"\/wp-content\/uploads\/2018\/07\/contact-icon1.png\"},{\"@type\":\"WebPage\",\"@id\":\"https:\/\/sulsena.pl\/kontakt\/#webpage\",\"url\":\"https:\/\/sulsena.pl\/kontakt\/\",\"name\":\"[:en]Contacts - SULSENA[:pl]Kontakt - SULSENA[:][:][:][:]\",\"isPartOf\":{\"@id\":\"https:\/\/sulsena.pl\/#website\"},\"primaryImageOfPage\":{\"@id\":\"https:\/\/sulsena.pl\/kontakt\/#primaryimage\"},\"datePublished\":\"2018-05-29T06:00:53+00:00\",\"dateModified\":\"2021-01-31T12:11:18+00:00\",\"breadcrumb\":{\"@id\":\"https:\/\/sulsena.pl\/kontakt\/#breadcrumb\"},\"inLanguage\":\"en-US\",\"potentialAction\":[{\"@type\":\"ReadAction\",\"target\":[\"https:\/\/sulsena.pl\/kontakt\/\"]}]},{\"@type\":\"BreadcrumbList\",\"@id\":\"https:\/\/sulsena.pl\/kontakt\/#breadcrumb\",\"itemListElement\":[{\"@type\":\"ListItem\",\"position\":1,\"item\":{\"@type\":\"WebPage\",\"@id\":\"https:\/\/sulsena.pl\/\",\"url\":\"https:\/\/sulsena.pl\/\",\"name\":\"\\u0413\\u043b\\u0430\\u0432\\u043d\\u0430\\u044f \\u0441\\u0442\\u0440\\u0430\\u043d\\u0438\\u0446\\u0430\"}},{\"@type\":\"ListItem\",\"position\":2,\"item\":{\"@id\":\"https:\/\/sulsena.pl\/kontakt\/#webpage\"}}]}]}<\/script>\n<!-- \/ Yoast SEO plugin. -->","_links":{"self":[{"href":"https:\/\/sulsena.pl\/en\/wp-json\/wp\/v2\/pages\/2306"}],"collection":[{"href":"https:\/\/sulsena.pl\/en\/wp-json\/wp\/v2\/pages"}],"about":[{"href":"https:\/\/sulsena.pl\/en\/wp-json\/wp\/v2\/types\/page"}],"author":[{"embeddable":true,"href":"https:\/\/sulsena.pl\/en\/wp-json\/wp\/v2\/users\/2"}],"replies":[{"embeddable":true,"href":"https:\/\/sulsena.pl\/en\/wp-json\/wp\/v2\/comments?post=2306"}],"version-history":[{"count":5,"href":"https:\/\/sulsena.pl\/en\/wp-json\/wp\/v2\/pages\/2306\/revisions"}],"predecessor-version":[{"id":2449,"href":"https:\/\/sulsena.pl\/en\/wp-json\/wp\/v2\/pages\/2306\/revisions\/2449"}],"wp:attachment":[{"href":"https:\/\/sulsena.pl\/en\/wp-json\/wp\/v2\/media?parent=2306"}],"curies":[{"name":"wp","href":"https:\/\/api.w.org\/{rel}","templated":true}]}}