{"id":1974,"date":"2020-08-23T10:05:59","date_gmt":"2020-08-23T07:05:59","guid":{"rendered":"https:\/\/sulsena.pl\/?post_type=product&#038;p=1974"},"modified":"2020-12-30T17:46:05","modified_gmt":"2020-12-30T14:46:05","slug":"sulsena-szampon-pasta-ochrona-przeciwupieowa-75-ml","status":"publish","type":"product","link":"https:\/\/sulsena.pl\/en\/sulsena-szampon-pasta-ochrona-przeciwupieowa-75-ml\/","title":{"rendered":"SULSENA, shampoo-paste anti-dandruff, 75 ml"},"content":{"rendered":"<strong>Action of active components:<\/strong><\/p>\n<p>Thanks to sulfide content of <strong>SeS<sub>2<\/sub> (selenium disulfide)<\/strong> and a complex of useful additives, the shampoo-paste is an effective express care remedy against dandruff with easy cleaning properties. It normalizes the function of sebaceous glands of scalp, prevents occurrence of dandruff and annoying itching, formation of exogenous toxins that destroys hair roots. It improves vital activity of hair bulbs, raises hair tonus and prevents destructive processes in the area of hair growth.<\/p>\n<p>Makes hair look healthy and well-groomed.<\/p>\n<p><strong>The result:<\/strong> a pronounced anti-dandruff effect, eliminates unpleasant subjective symptoms (itching, discomfort), improves the scalp barrier function, has a sebo-regulating effect that is visually shown in a significantly improved scalp and hair appearance.<\/p>\n<p><strong>Direction:<\/strong> apply enough of the shampoo-paste to wet hair and then rub with circular motions by finger-tips into the scalp at hair roots. Hold after rubbing 3 &#8211; 5 min and rinse with warm running water.<\/p>\n<p>Recommendations for application: apply 2 times a week within 1 month.<\/p>\n<p><strong>Periodicity:<\/strong> as needed.<\/p>\n<p>Precautions: \u0441ontains selenium disulfide. Avoid contact with eyes and damaged skin. In case of contact, rinse thoroughly with plenty of warm running water. Keep out of the reach of children.<\/p>\n<p><strong>Contraindications:<\/strong> not established.<\/p>\n<p>Do not use the shampoo-paste if you have individual intolerance or hypersensitivity to any of the ingredients.<\/p>\n<p><strong>Storage conditions:<\/strong> store at the temperature from +6\u00b0\u0421 to +25\u00b0\u0421 and humidity not more than 70%, away sources of heat. Avoid ingression of direct sunrays.","protected":false},"excerpt":{"rendered":"<p><strong>Volume:<\/strong> 5&#215;8 ml<br \/>\n<strong>Kod EAN:<\/strong> 4823052200855<br \/>\n<strong>\u0410ge:<\/strong> 18+<br \/>\n<strong>\u0421ountry of origin:<\/strong> Ukraine<br \/>\n<strong>Action:<\/strong> against dandruff<br \/>\n<strong>Target gender:<\/strong> unisex<br \/>\n<strong>Hair type:<\/strong> all types<\/p>\n<h3>Where could I buy?<\/h3>\n<table style=\"width: 95%;\" cellspacing=\"1\" cellpadding=\"1\">\n<tbody>\n<tr>\n<td><a href=\"https:\/\/makeup.pl\/product\/475580\/\"><img loading=\"lazy\" class=\"alignnone size-full wp-image-2190\" src=\"https:\/\/sulsena.pl\/wp-content\/uploads\/2020\/08\/makup-min.jpg\" alt=\"\" width=\"215\" height=\"70\" srcset=\"https:\/\/sulsena.pl\/wp-content\/uploads\/2020\/08\/makup-min.jpg 215w, https:\/\/sulsena.pl\/wp-content\/uploads\/2020\/08\/makup-min-150x49.jpg 150w\" sizes=\"(max-width: 215px) 100vw, 215px\" \/><\/a><\/td>\n<td><a href=\"https:\/\/www.amazon.de\/-\/en\/SULSENA-Anti-dandruff-shampoo-anti-dandruff-protection\/dp\/B07PKFWT94\/ref=pd_bxgy_img_2\/262-6785486-5132620?_encoding=UTF8&amp;pd_rd_i=B07PKFWT94&amp;pd_rd_r=02ce989f-4f62-4b56-a916-96e0ed44efa4&amp;pd_rd_w=hlZ5l&amp;pd_rd_wg=Ddf3F&amp;pf_rd_p=4490d326-3239-499b-8c8a-0dd8d6ad582a&amp;pf_rd_r=82RE1W2N0BP0QG1MWRRP&amp;psc=1&amp;refRID=82RE1W2N0BP0QG1MWRRP\"><img loading=\"lazy\" class=\"alignnone size-full wp-image-2191\" src=\"https:\/\/sulsena.pl\/wp-content\/uploads\/2020\/08\/amazon-min.jpg\" alt=\"\" width=\"215\" height=\"70\" srcset=\"https:\/\/sulsena.pl\/wp-content\/uploads\/2020\/08\/amazon-min.jpg 215w, https:\/\/sulsena.pl\/wp-content\/uploads\/2020\/08\/amazon-min-150x49.jpg 150w\" sizes=\"(max-width: 215px) 100vw, 215px\" \/><\/a><\/td>\n<\/tr>\n<\/tbody>\n<\/table>\n","protected":false},"featured_media":2171,"comment_status":"closed","ping_status":"closed","template":"","meta":[],"yoast_head":"<!-- This site is optimized with the Yoast SEO plugin v16.2 - https:\/\/yoast.com\/wordpress\/plugins\/seo\/ -->\n<title>- SULSENA<\/title>\n<meta name=\"robots\" content=\"index, follow, max-snippet:-1, max-image-preview:large, max-video-preview:-1\" \/>\n<link rel=\"canonical\" href=\"https:\/\/sulsena.pl\/sulsena-szampon-pasta-ochrona-przeciwupieowa-75-ml\/\" \/>\n<meta property=\"og:locale\" content=\"en_US\" \/>\n<meta property=\"og:type\" content=\"article\" \/>\n<meta property=\"og:title\" content=\"- SULSENA\" \/>\n<meta property=\"og:description\" content=\"[:en]Volume: 5x8 ml Kod EAN: 4823052200855 \u0410ge: 18+ \u0421ountry of origin: Ukraine Action: against dandruff Target gender: unisex Hair type: all types Where could I buy?        [:pl]Pojemno\u015b\u0107: 5x8 ml Kod EAN: 4823052200855 Wiek: 18+ Pochodzenie: Ukraina Dzia\u0142anie: przeciw \u0142upie\u017cowi P\u0142e\u0107: unisex Rodzaj w\u0142os\u00f3w: wszystkie rodzaje Gdzie mog\u0119 kupi\u0107?        [:]\" \/>\n<meta property=\"og:url\" content=\"https:\/\/sulsena.pl\/sulsena-szampon-pasta-ochrona-przeciwupieowa-75-ml\/\" \/>\n<meta property=\"og:site_name\" content=\"SULSENA\" \/>\n<meta property=\"article:modified_time\" content=\"2020-12-30T14:46:05+00:00\" \/>\n<meta property=\"og:image\" content=\"https:\/\/sulsena.pl\/wp-content\/uploads\/2020\/08\/shampoo-paste_03-min-1.jpg\" \/>\n\t<meta property=\"og:image:width\" content=\"600\" \/>\n\t<meta property=\"og:image:height\" content=\"726\" \/>\n<meta name=\"twitter:card\" content=\"summary_large_image\" \/>\n<meta name=\"twitter:label1\" content=\"Est. reading time\">\n\t<meta name=\"twitter:data1\" content=\"4 minutes\">\n<script type=\"application\/ld+json\" class=\"yoast-schema-graph\">{\"@context\":\"https:\/\/schema.org\",\"@graph\":[{\"@type\":\"Organization\",\"@id\":\"https:\/\/sulsena.pl\/#organization\",\"name\":\"Sulsena\",\"url\":\"https:\/\/sulsena.pl\/\",\"sameAs\":[],\"logo\":{\"@type\":\"ImageObject\",\"@id\":\"https:\/\/sulsena.pl\/#logo\",\"inLanguage\":\"en-US\",\"url\":\"https:\/\/sulsena.pl\/wp-content\/uploads\/2020\/10\/s_logo_en_footer.png\",\"contentUrl\":\"https:\/\/sulsena.pl\/wp-content\/uploads\/2020\/10\/s_logo_en_footer.png\",\"width\":254,\"height\":86,\"caption\":\"Sulsena\"},\"image\":{\"@id\":\"https:\/\/sulsena.pl\/#logo\"}},{\"@type\":\"WebSite\",\"@id\":\"https:\/\/sulsena.pl\/#website\",\"url\":\"https:\/\/sulsena.pl\/\",\"name\":\"SULSENA\",\"description\":\"SULSENA\",\"publisher\":{\"@id\":\"https:\/\/sulsena.pl\/#organization\"},\"potentialAction\":[{\"@type\":\"SearchAction\",\"target\":\"https:\/\/sulsena.pl\/?s={search_term_string}\",\"query-input\":\"required name=search_term_string\"}],\"inLanguage\":\"en-US\"},{\"@type\":\"ImageObject\",\"@id\":\"https:\/\/sulsena.pl\/sulsena-szampon-pasta-ochrona-przeciwupieowa-75-ml\/#primaryimage\",\"inLanguage\":\"en-US\",\"url\":\"https:\/\/sulsena.pl\/wp-content\/uploads\/2020\/08\/shampoo-paste_03-min-1.jpg\",\"contentUrl\":\"https:\/\/sulsena.pl\/wp-content\/uploads\/2020\/08\/shampoo-paste_03-min-1.jpg\",\"width\":600,\"height\":726},{\"@type\":\"WebPage\",\"@id\":\"https:\/\/sulsena.pl\/sulsena-szampon-pasta-ochrona-przeciwupieowa-75-ml\/#webpage\",\"url\":\"https:\/\/sulsena.pl\/sulsena-szampon-pasta-ochrona-przeciwupieowa-75-ml\/\",\"name\":\"- SULSENA\",\"isPartOf\":{\"@id\":\"https:\/\/sulsena.pl\/#website\"},\"primaryImageOfPage\":{\"@id\":\"https:\/\/sulsena.pl\/sulsena-szampon-pasta-ochrona-przeciwupieowa-75-ml\/#primaryimage\"},\"datePublished\":\"2020-08-23T07:05:59+00:00\",\"dateModified\":\"2020-12-30T14:46:05+00:00\",\"breadcrumb\":{\"@id\":\"https:\/\/sulsena.pl\/sulsena-szampon-pasta-ochrona-przeciwupieowa-75-ml\/#breadcrumb\"},\"inLanguage\":\"en-US\",\"potentialAction\":[{\"@type\":\"ReadAction\",\"target\":[\"https:\/\/sulsena.pl\/sulsena-szampon-pasta-ochrona-przeciwupieowa-75-ml\/\"]}]},{\"@type\":\"BreadcrumbList\",\"@id\":\"https:\/\/sulsena.pl\/sulsena-szampon-pasta-ochrona-przeciwupieowa-75-ml\/#breadcrumb\",\"itemListElement\":[{\"@type\":\"ListItem\",\"position\":1,\"item\":{\"@type\":\"WebPage\",\"@id\":\"https:\/\/sulsena.pl\/\",\"url\":\"https:\/\/sulsena.pl\/\",\"name\":\"\\u0413\\u043b\\u0430\\u0432\\u043d\\u0430\\u044f \\u0441\\u0442\\u0440\\u0430\\u043d\\u0438\\u0446\\u0430\"}},{\"@type\":\"ListItem\",\"position\":2,\"item\":{\"@type\":\"WebPage\",\"@id\":\"https:\/\/sulsena.pl\/en\/katalog\/\",\"url\":\"https:\/\/sulsena.pl\/en\/katalog\/\",\"name\":\"Katalog\"}},{\"@type\":\"ListItem\",\"position\":3,\"item\":{\"@id\":\"https:\/\/sulsena.pl\/sulsena-szampon-pasta-ochrona-przeciwupieowa-75-ml\/#webpage\"}}]}]}<\/script>\n<!-- \/ Yoast SEO plugin. -->","_links":{"self":[{"href":"https:\/\/sulsena.pl\/en\/wp-json\/wp\/v2\/product\/1974"}],"collection":[{"href":"https:\/\/sulsena.pl\/en\/wp-json\/wp\/v2\/product"}],"about":[{"href":"https:\/\/sulsena.pl\/en\/wp-json\/wp\/v2\/types\/product"}],"replies":[{"embeddable":true,"href":"https:\/\/sulsena.pl\/en\/wp-json\/wp\/v2\/comments?post=1974"}],"wp:featuredmedia":[{"embeddable":true,"href":"https:\/\/sulsena.pl\/en\/wp-json\/wp\/v2\/media\/2171"}],"wp:attachment":[{"href":"https:\/\/sulsena.pl\/en\/wp-json\/wp\/v2\/media?parent=1974"}],"curies":[{"name":"wp","href":"https:\/\/api.w.org\/{rel}","templated":true}]}}