{"id":1977,"date":"2020-08-23T09:20:27","date_gmt":"2020-08-23T06:20:27","guid":{"rendered":"https:\/\/sulsena.pl\/?post_type=product&#038;p=1977"},"modified":"2020-12-30T17:54:22","modified_gmt":"2020-12-30T14:54:22","slug":"sulsena-szampon-przeciwupieowy-150-ml","status":"publish","type":"product","link":"https:\/\/sulsena.pl\/en\/sulsena-szampon-przeciwupieowy-150-ml\/","title":{"rendered":"SULSENA, Shampoo anti-dandruff, 150 ml"},"content":{"rendered":"<strong>Shampoo action:<\/strong><\/p>\n<p>Formula of SULSENA anti-dandruff shampoo is created on the basis of an active seboregulating component selenium disulfide (SeS<sub>2<\/sub>), which possesses an uncanny ability to impact directly on the major reason for dandruff formation &#8211; on yeast fungus <strong>Pityrosporum Ovale<\/strong>.<\/p>\n<p>The shampoo effectively inhibits the reproduction of the fungus, destroys favorable environment for its development, normalizes the function of sebaceous glands and scaling of the dead epidermal cells of the scalp.<\/p>\n<p>SULSENA shampoo is the first step in solving the dandruff problem and its consequences, a deep cleansing of hair showing signs of enhanced sebaceous glands secretion and oily dandruff.<\/p>\n<p><strong>Acid-base balance (pH) of the shampoo conforms to physiological acid-base balance (pH) of scalp.<\/strong><\/p>\n<p>The result: promotes recovery of scalp protective function, takes an anti-dandruff action, has a sebo-regulating effect, reduces itching.<\/p>\n<p><strong>The effectiveness is confirmed by the State Enterprise Research and Development Institute at Ministry of Labour of the Russian Academy of Medical Sciences. Findings of March 05, 2008.<\/strong><\/p>\n<p><strong>Directions:<\/strong> apply to wet hair and lather. Gently massage the scalp at hair roots, leave the shampoo on the hair for 3 minutes and then rinse thoroughly with warm running water. Repeat the procedure.<\/p>\n<p><strong>Recommandations for use:<\/strong> suitable for frequent use.<\/p>\n<p><strong>Precautions:<\/strong> \u0441ontains selenium disulfide. Avoid contact with eyes and damaged skin. In case of contact, rinse thoroughly with plenty of warm running water. Keep out of the reach of children.<\/p>\n<p><strong>Contraindications:<\/strong> not established.<\/p>\n<p>Do not use the shampoo if you have individual intolerance or hypersensitivity to any of the ingredients.<\/p>\n<p><strong>Storage conditions:<\/strong> store at the temperature from +6\u00b0\u0421 to +25\u00b0\u0421, humidity not more than 70%, away sources of heat. Avoid ingression of direct sunrays.<\/p>\n<p>&nbsp;","protected":false},"excerpt":{"rendered":"<p><strong>Volume:<\/strong> 150 ml<br \/>\n<strong>Kod EAN:<\/strong> 4823052200329<br \/>\n<strong>\u0410ge:<\/strong> 18+<br \/>\n<strong>\u0421ountry of origin:<\/strong> Ukraine<br \/>\n<strong>Action:<\/strong> against dandruff, regulates sebum secretion, reduces scalp itching.<br \/>\n<strong>Target gender:<\/strong> unisex<br \/>\n<strong>Hair type:<\/strong> all types<\/p>\n<h3>Where could I buy?<\/h3>\n<table style=\"width: 95%;\" cellspacing=\"1\" cellpadding=\"1\">\n<tbody>\n<tr>\n<td><a href=\"https:\/\/makeup.pl\/product\/169721\/\"><img loading=\"lazy\" class=\"alignnone size-full wp-image-2190\" src=\"https:\/\/sulsena.pl\/wp-content\/uploads\/2020\/08\/makup-min.jpg\" alt=\"\" width=\"215\" height=\"70\" srcset=\"https:\/\/sulsena.pl\/wp-content\/uploads\/2020\/08\/makup-min.jpg 215w, https:\/\/sulsena.pl\/wp-content\/uploads\/2020\/08\/makup-min-150x49.jpg 150w\" sizes=\"(max-width: 215px) 100vw, 215px\" \/><\/a><\/td>\n<td><a href=\"https:\/\/www.amazon.de\/SULSENA-Anti-Dandruff-Dandruff-Psoriasis-Seborrhoe\/dp\/B01M3MIE1U\/ref=sr_1_5?dchild=1&amp;ie=UTF8&amp;keywords=anti%2Bschuppen%2Bshampoo%2Bsulsena&amp;language=en_GB&amp;qid=1595426868&amp;s=beauty&amp;sr=1-5&amp;th=1\"><img loading=\"lazy\" class=\"alignnone size-full wp-image-2191\" src=\"https:\/\/sulsena.pl\/wp-content\/uploads\/2020\/08\/amazon-min.jpg\" alt=\"\" width=\"215\" height=\"70\" srcset=\"https:\/\/sulsena.pl\/wp-content\/uploads\/2020\/08\/amazon-min.jpg 215w, https:\/\/sulsena.pl\/wp-content\/uploads\/2020\/08\/amazon-min-150x49.jpg 150w\" sizes=\"(max-width: 215px) 100vw, 215px\" \/><\/a><\/td>\n<\/tr>\n<\/tbody>\n<\/table>\n","protected":false},"featured_media":2166,"comment_status":"closed","ping_status":"closed","template":"","meta":[],"yoast_head":"<!-- This site is optimized with the Yoast SEO plugin v16.2 - https:\/\/yoast.com\/wordpress\/plugins\/seo\/ -->\n<title>- SULSENA<\/title>\n<meta name=\"robots\" content=\"index, follow, max-snippet:-1, max-image-preview:large, max-video-preview:-1\" \/>\n<link rel=\"canonical\" href=\"https:\/\/sulsena.pl\/sulsena-szampon-przeciwupieowy-150-ml\/\" \/>\n<meta property=\"og:locale\" content=\"en_US\" \/>\n<meta property=\"og:type\" content=\"article\" \/>\n<meta property=\"og:title\" content=\"- SULSENA\" \/>\n<meta property=\"og:description\" content=\"[:en]Volume: 150 ml Kod EAN: 4823052200329 \u0410ge: 18+ \u0421ountry of origin: Ukraine Action: against dandruff, regulates sebum secretion, reduces scalp itching. Target gender: unisex Hair type: all types Where could I buy?        [:pl]Pojemno\u015b\u0107: 150 ml Kod EAN: 4823052200329 Wiek: 18+ Pochodzenie: Ukraina Dzia\u0142anie: przeciw \u0142upie\u017cowi, reguluje wydzielanie sebum, zmniejsza sw\u0119dzenie sk\u00f3ry g\u0142owy. P\u0142e\u0107: unisex Rodzaj w\u0142os\u00f3w: wszystkie rodzaje Gdzie mog\u0119 kupi\u0107?        [:]\" \/>\n<meta property=\"og:url\" content=\"https:\/\/sulsena.pl\/sulsena-szampon-przeciwupieowy-150-ml\/\" \/>\n<meta property=\"og:site_name\" content=\"SULSENA\" \/>\n<meta property=\"article:modified_time\" content=\"2020-12-30T14:54:22+00:00\" \/>\n<meta property=\"og:image\" content=\"https:\/\/sulsena.pl\/wp-content\/uploads\/2020\/08\/shampoo_03-min-1.jpg\" \/>\n\t<meta property=\"og:image:width\" content=\"600\" \/>\n\t<meta property=\"og:image:height\" content=\"726\" \/>\n<meta name=\"twitter:card\" content=\"summary_large_image\" \/>\n<meta name=\"twitter:label1\" content=\"Est. reading time\">\n\t<meta name=\"twitter:data1\" content=\"3 minutes\">\n<script type=\"application\/ld+json\" class=\"yoast-schema-graph\">{\"@context\":\"https:\/\/schema.org\",\"@graph\":[{\"@type\":\"Organization\",\"@id\":\"https:\/\/sulsena.pl\/#organization\",\"name\":\"Sulsena\",\"url\":\"https:\/\/sulsena.pl\/\",\"sameAs\":[],\"logo\":{\"@type\":\"ImageObject\",\"@id\":\"https:\/\/sulsena.pl\/#logo\",\"inLanguage\":\"en-US\",\"url\":\"https:\/\/sulsena.pl\/wp-content\/uploads\/2020\/10\/s_logo_en_footer.png\",\"contentUrl\":\"https:\/\/sulsena.pl\/wp-content\/uploads\/2020\/10\/s_logo_en_footer.png\",\"width\":254,\"height\":86,\"caption\":\"Sulsena\"},\"image\":{\"@id\":\"https:\/\/sulsena.pl\/#logo\"}},{\"@type\":\"WebSite\",\"@id\":\"https:\/\/sulsena.pl\/#website\",\"url\":\"https:\/\/sulsena.pl\/\",\"name\":\"SULSENA\",\"description\":\"SULSENA\",\"publisher\":{\"@id\":\"https:\/\/sulsena.pl\/#organization\"},\"potentialAction\":[{\"@type\":\"SearchAction\",\"target\":\"https:\/\/sulsena.pl\/?s={search_term_string}\",\"query-input\":\"required name=search_term_string\"}],\"inLanguage\":\"en-US\"},{\"@type\":\"ImageObject\",\"@id\":\"https:\/\/sulsena.pl\/sulsena-szampon-przeciwupieowy-150-ml\/#primaryimage\",\"inLanguage\":\"en-US\",\"url\":\"https:\/\/sulsena.pl\/wp-content\/uploads\/2020\/08\/shampoo_03-min-1.jpg\",\"contentUrl\":\"https:\/\/sulsena.pl\/wp-content\/uploads\/2020\/08\/shampoo_03-min-1.jpg\",\"width\":600,\"height\":726},{\"@type\":\"WebPage\",\"@id\":\"https:\/\/sulsena.pl\/sulsena-szampon-przeciwupieowy-150-ml\/#webpage\",\"url\":\"https:\/\/sulsena.pl\/sulsena-szampon-przeciwupieowy-150-ml\/\",\"name\":\"- SULSENA\",\"isPartOf\":{\"@id\":\"https:\/\/sulsena.pl\/#website\"},\"primaryImageOfPage\":{\"@id\":\"https:\/\/sulsena.pl\/sulsena-szampon-przeciwupieowy-150-ml\/#primaryimage\"},\"datePublished\":\"2020-08-23T06:20:27+00:00\",\"dateModified\":\"2020-12-30T14:54:22+00:00\",\"breadcrumb\":{\"@id\":\"https:\/\/sulsena.pl\/sulsena-szampon-przeciwupieowy-150-ml\/#breadcrumb\"},\"inLanguage\":\"en-US\",\"potentialAction\":[{\"@type\":\"ReadAction\",\"target\":[\"https:\/\/sulsena.pl\/sulsena-szampon-przeciwupieowy-150-ml\/\"]}]},{\"@type\":\"BreadcrumbList\",\"@id\":\"https:\/\/sulsena.pl\/sulsena-szampon-przeciwupieowy-150-ml\/#breadcrumb\",\"itemListElement\":[{\"@type\":\"ListItem\",\"position\":1,\"item\":{\"@type\":\"WebPage\",\"@id\":\"https:\/\/sulsena.pl\/\",\"url\":\"https:\/\/sulsena.pl\/\",\"name\":\"\\u0413\\u043b\\u0430\\u0432\\u043d\\u0430\\u044f \\u0441\\u0442\\u0440\\u0430\\u043d\\u0438\\u0446\\u0430\"}},{\"@type\":\"ListItem\",\"position\":2,\"item\":{\"@type\":\"WebPage\",\"@id\":\"https:\/\/sulsena.pl\/en\/katalog\/\",\"url\":\"https:\/\/sulsena.pl\/en\/katalog\/\",\"name\":\"Katalog\"}},{\"@type\":\"ListItem\",\"position\":3,\"item\":{\"@id\":\"https:\/\/sulsena.pl\/sulsena-szampon-przeciwupieowy-150-ml\/#webpage\"}}]}]}<\/script>\n<!-- \/ Yoast SEO plugin. -->","_links":{"self":[{"href":"https:\/\/sulsena.pl\/en\/wp-json\/wp\/v2\/product\/1977"}],"collection":[{"href":"https:\/\/sulsena.pl\/en\/wp-json\/wp\/v2\/product"}],"about":[{"href":"https:\/\/sulsena.pl\/en\/wp-json\/wp\/v2\/types\/product"}],"replies":[{"embeddable":true,"href":"https:\/\/sulsena.pl\/en\/wp-json\/wp\/v2\/comments?post=1977"}],"wp:featuredmedia":[{"embeddable":true,"href":"https:\/\/sulsena.pl\/en\/wp-json\/wp\/v2\/media\/2166"}],"wp:attachment":[{"href":"https:\/\/sulsena.pl\/en\/wp-json\/wp\/v2\/media?parent=1977"}],"curies":[{"name":"wp","href":"https:\/\/api.w.org\/{rel}","templated":true}]}}