{"id":1980,"date":"2020-08-23T08:46:31","date_gmt":"2020-08-23T05:46:31","guid":{"rendered":"https:\/\/sulsena.pl\/?post_type=product&#038;p=1980"},"modified":"2020-12-30T17:34:07","modified_gmt":"2020-12-30T14:34:07","slug":"sulsena-olej-wzbogacony-witaminami-100-ml","status":"publish","type":"product","link":"https:\/\/sulsena.pl\/en\/sulsena-olej-wzbogacony-witaminami-100-ml\/","title":{"rendered":"SULSENA, oil, vitamin enriched, 100 ml"},"content":{"rendered":"<strong>Vitamin enriched oil SULSENA<\/strong> for hair roots strengthening and hair growth is a valuable and exquisite blend of <strong>olive<\/strong>, <strong>mink<\/strong> and <strong>castor oil<\/strong>, lavender and <strong>geranium oil<\/strong>, fluid extracts of <strong>buckthorn<\/strong> fruits, <strong>chamomile<\/strong> flowers and <strong>hot red peppers<\/strong>.<\/p>\n<p><strong>Recommendations for use:<\/strong> excessive uncontrolled hair loss; low reproductive function of hair follicles; recovery and increase of hair thickness; extension of the active hair growth period (anagen); acceleration of hair growth.<\/p>\n<p><strong>Application:<\/strong> Spread oil on your scalp by partings and rub in the hair roots. Massage the scalp for 2-3 minutes for better oil penetration, then put a plastic cap on your head and wrap a terry towel or a woolen scarf over the cap. In 1.5-2 hours rinse your hair and scalp thoroughly with warm running water and shampoo twice. For best results, it is recommended to apply oil warm (heated in water bath). After spreading oil wash your hands thoroughly with soap and water. Do not spread oil on your hair. <strong>Do not heat oil in a microwave oven!<\/strong><\/p>\n<p><strong>Result:<\/strong> Restored activity of hair follicles, increased hair root tone, reduced hair loss and improved general state and quality of hair.<\/p>\n<table style=\"width: 80%;\" border=\"1\">\n<tbody>\n<tr>\n<td colspan=\"4\"><strong>Recommendations for use:<\/strong><\/td>\n<\/tr>\n<tr>\n<td><strong>Designation<\/strong><\/td>\n<td><strong>Frequency<\/strong><\/p>\n<p><strong>of use<\/strong><\/td>\n<td><strong>Duration<\/strong><\/p>\n<p><strong>of use<\/strong><\/td>\n<td><strong>Periodicity<\/strong><\/p>\n<p><strong>of use<\/strong><\/td>\n<\/tr>\n<tr>\n<td>For intensive course of strengthening the roots and growth of hair<\/td>\n<td>3 times<\/p>\n<p>a week<\/td>\n<td>3 months<\/td>\n<td>as needed<\/td>\n<\/tr>\n<tr>\n<td>For prophylactic course of strengthening the roots and hair growth<\/td>\n<td>once a week<\/td>\n<td>1 month<\/td>\n<td>once a half year<\/td>\n<\/tr>\n<\/tbody>\n<\/table>\n<p><strong>Caution:<\/strong> test for scalp sensitivity before use. Protect eyes from oil. In case of contact, wash eyes thoroughly with plenty of warm running water. Keep out of reach of children.<\/p>\n<p>Not for eyebrows and lashes!<\/p>\n<p><strong>Counterindications:<\/strong> not found. Oil does not cause adverse reactions and is allowed to use without special restrictions. Oil should not be used under idiosyncrasy or hypersensitivity to certain components.<\/p>\n<p><strong>Storage conditions:<\/strong> store at the temperature from +8\u00b0\u0421 to +20\u00b0\u0421, humidity not more than 70%, away sources of heat. Avoid ingression of direct sunrays.","protected":false},"excerpt":{"rendered":"<p><strong>Volume:<\/strong> 100 ml<br \/>\n<strong>Kod EAN:<\/strong> 4823052202576<br \/>\n<strong>Age:<\/strong> 18+<br \/>\n<strong>\u0421ountry of origin:<\/strong> Ukraine<br \/>\n<strong>Action:<\/strong> restored activity of the hair follicles, reducing hair loss<br \/>\n<strong>Target gender:<\/strong> unisex<br \/>\n<strong>Hair type:<\/strong> all types<\/p>\n<h3>Where can i buy?<\/h3>\n<table style=\"width: 95%;\" cellspacing=\"1\" cellpadding=\"1\">\n<tbody>\n<tr>\n<td><a href=\"https:\/\/makeup.pl\/product\/193745\/\"><img loading=\"lazy\" class=\"alignnone size-full wp-image-2190\" src=\"https:\/\/sulsena.pl\/wp-content\/uploads\/2020\/08\/makup-min.jpg\" alt=\"\" width=\"215\" height=\"70\" srcset=\"https:\/\/sulsena.pl\/wp-content\/uploads\/2020\/08\/makup-min.jpg 215w, https:\/\/sulsena.pl\/wp-content\/uploads\/2020\/08\/makup-min-150x49.jpg 150w\" sizes=\"(max-width: 215px) 100vw, 215px\" \/><\/a><\/td>\n<\/tr>\n<\/tbody>\n<\/table>\n","protected":false},"featured_media":2136,"comment_status":"closed","ping_status":"closed","template":"","meta":[],"yoast_head":"<!-- This site is optimized with the Yoast SEO plugin v16.2 - https:\/\/yoast.com\/wordpress\/plugins\/seo\/ -->\n<title>- SULSENA<\/title>\n<meta name=\"robots\" content=\"index, follow, max-snippet:-1, max-image-preview:large, max-video-preview:-1\" \/>\n<link rel=\"canonical\" href=\"https:\/\/sulsena.pl\/sulsena-olej-wzbogacony-witaminami-100-ml\/\" \/>\n<meta property=\"og:locale\" content=\"en_US\" \/>\n<meta property=\"og:type\" content=\"article\" \/>\n<meta property=\"og:title\" content=\"- SULSENA\" \/>\n<meta property=\"og:description\" content=\"[:en]Volume: 100 ml Kod EAN: 4823052202576 Age: 18+ \u0421ountry of origin: Ukraine Action: restored activity of the hair follicles, reducing hair loss Target gender: unisex Hair type: all types Where can i buy?       [:pl]Pojemno\u015b\u0107: 100 ml Kod EAN: 4823052202576 Wiek: 18+ Pochodzenie: Ukraina Dzia\u0142anie: przywr\u00f3cona aktywno\u015b\u0107 mieszk\u00f3w w\u0142osowych, zmniejszenie wypadania w\u0142os\u00f3w P\u0142e\u0107: unisex Rodzaj w\u0142os\u00f3w: wszystkie rodzaje Gdzie mog\u0119 kupi\u0107?       [:]\" \/>\n<meta property=\"og:url\" content=\"https:\/\/sulsena.pl\/sulsena-olej-wzbogacony-witaminami-100-ml\/\" \/>\n<meta property=\"og:site_name\" content=\"SULSENA\" \/>\n<meta property=\"article:modified_time\" content=\"2020-12-30T14:34:07+00:00\" \/>\n<meta property=\"og:image\" content=\"https:\/\/sulsena.pl\/wp-content\/uploads\/2020\/08\/oil_03-min.jpg\" \/>\n\t<meta property=\"og:image:width\" content=\"600\" \/>\n\t<meta property=\"og:image:height\" content=\"726\" \/>\n<meta name=\"twitter:card\" content=\"summary_large_image\" \/>\n<meta name=\"twitter:label1\" content=\"Est. reading time\">\n\t<meta name=\"twitter:data1\" content=\"5 minutes\">\n<script type=\"application\/ld+json\" class=\"yoast-schema-graph\">{\"@context\":\"https:\/\/schema.org\",\"@graph\":[{\"@type\":\"Organization\",\"@id\":\"https:\/\/sulsena.pl\/#organization\",\"name\":\"Sulsena\",\"url\":\"https:\/\/sulsena.pl\/\",\"sameAs\":[],\"logo\":{\"@type\":\"ImageObject\",\"@id\":\"https:\/\/sulsena.pl\/#logo\",\"inLanguage\":\"en-US\",\"url\":\"https:\/\/sulsena.pl\/wp-content\/uploads\/2020\/10\/s_logo_en_footer.png\",\"contentUrl\":\"https:\/\/sulsena.pl\/wp-content\/uploads\/2020\/10\/s_logo_en_footer.png\",\"width\":254,\"height\":86,\"caption\":\"Sulsena\"},\"image\":{\"@id\":\"https:\/\/sulsena.pl\/#logo\"}},{\"@type\":\"WebSite\",\"@id\":\"https:\/\/sulsena.pl\/#website\",\"url\":\"https:\/\/sulsena.pl\/\",\"name\":\"SULSENA\",\"description\":\"SULSENA\",\"publisher\":{\"@id\":\"https:\/\/sulsena.pl\/#organization\"},\"potentialAction\":[{\"@type\":\"SearchAction\",\"target\":\"https:\/\/sulsena.pl\/?s={search_term_string}\",\"query-input\":\"required name=search_term_string\"}],\"inLanguage\":\"en-US\"},{\"@type\":\"ImageObject\",\"@id\":\"https:\/\/sulsena.pl\/sulsena-olej-wzbogacony-witaminami-100-ml\/#primaryimage\",\"inLanguage\":\"en-US\",\"url\":\"https:\/\/sulsena.pl\/wp-content\/uploads\/2020\/08\/oil_03-min.jpg\",\"contentUrl\":\"https:\/\/sulsena.pl\/wp-content\/uploads\/2020\/08\/oil_03-min.jpg\",\"width\":600,\"height\":726},{\"@type\":\"WebPage\",\"@id\":\"https:\/\/sulsena.pl\/sulsena-olej-wzbogacony-witaminami-100-ml\/#webpage\",\"url\":\"https:\/\/sulsena.pl\/sulsena-olej-wzbogacony-witaminami-100-ml\/\",\"name\":\"- SULSENA\",\"isPartOf\":{\"@id\":\"https:\/\/sulsena.pl\/#website\"},\"primaryImageOfPage\":{\"@id\":\"https:\/\/sulsena.pl\/sulsena-olej-wzbogacony-witaminami-100-ml\/#primaryimage\"},\"datePublished\":\"2020-08-23T05:46:31+00:00\",\"dateModified\":\"2020-12-30T14:34:07+00:00\",\"breadcrumb\":{\"@id\":\"https:\/\/sulsena.pl\/sulsena-olej-wzbogacony-witaminami-100-ml\/#breadcrumb\"},\"inLanguage\":\"en-US\",\"potentialAction\":[{\"@type\":\"ReadAction\",\"target\":[\"https:\/\/sulsena.pl\/sulsena-olej-wzbogacony-witaminami-100-ml\/\"]}]},{\"@type\":\"BreadcrumbList\",\"@id\":\"https:\/\/sulsena.pl\/sulsena-olej-wzbogacony-witaminami-100-ml\/#breadcrumb\",\"itemListElement\":[{\"@type\":\"ListItem\",\"position\":1,\"item\":{\"@type\":\"WebPage\",\"@id\":\"https:\/\/sulsena.pl\/\",\"url\":\"https:\/\/sulsena.pl\/\",\"name\":\"\\u0413\\u043b\\u0430\\u0432\\u043d\\u0430\\u044f \\u0441\\u0442\\u0440\\u0430\\u043d\\u0438\\u0446\\u0430\"}},{\"@type\":\"ListItem\",\"position\":2,\"item\":{\"@type\":\"WebPage\",\"@id\":\"https:\/\/sulsena.pl\/en\/katalog\/\",\"url\":\"https:\/\/sulsena.pl\/en\/katalog\/\",\"name\":\"Katalog\"}},{\"@type\":\"ListItem\",\"position\":3,\"item\":{\"@id\":\"https:\/\/sulsena.pl\/sulsena-olej-wzbogacony-witaminami-100-ml\/#webpage\"}}]}]}<\/script>\n<!-- \/ Yoast SEO plugin. -->","_links":{"self":[{"href":"https:\/\/sulsena.pl\/en\/wp-json\/wp\/v2\/product\/1980"}],"collection":[{"href":"https:\/\/sulsena.pl\/en\/wp-json\/wp\/v2\/product"}],"about":[{"href":"https:\/\/sulsena.pl\/en\/wp-json\/wp\/v2\/types\/product"}],"replies":[{"embeddable":true,"href":"https:\/\/sulsena.pl\/en\/wp-json\/wp\/v2\/comments?post=1980"}],"wp:featuredmedia":[{"embeddable":true,"href":"https:\/\/sulsena.pl\/en\/wp-json\/wp\/v2\/media\/2136"}],"wp:attachment":[{"href":"https:\/\/sulsena.pl\/en\/wp-json\/wp\/v2\/media?parent=1980"}],"curies":[{"name":"wp","href":"https:\/\/api.w.org\/{rel}","templated":true}]}}