{"id":2075,"date":"2020-08-23T09:04:49","date_gmt":"2020-08-23T06:04:49","guid":{"rendered":"https:\/\/sulsena.pl\/?post_type=product&#038;p=2075"},"modified":"2021-04-22T09:16:33","modified_gmt":"2021-04-22T06:16:33","slug":"sulsena-paste-1-scalp-care-anti-dandruff-75-ml","status":"publish","type":"product","link":"https:\/\/sulsena.pl\/en\/sulsena-paste-1-scalp-care-anti-dandruff-75-ml\/","title":{"rendered":"SULSENA, Paste 1%, Scalp care anti-dandruff, 75 ml"},"content":{"rendered":"<strong>Action of active components:<\/strong><\/p>\n<p>Thanks to sulfide content of 1% <strong>SeS<sub>2<\/sub> (selenium disulfide)<\/strong> and a complex of useful additives, the paste is an effective against redundant sebum excretion, occurrence of dandruff and annoying itching, formation of exogenous toxins that destroys hair roots. It improves vital activity of hair bulbs, raises hair tonus and prevents destructive processes in the area of hair growth, promotes invigoration of scalp cells. Makes hair look healthy and well-groomed.<\/p>\n<p><strong>The result:<\/strong> prevents dandruff formation and annoying itching, redundant sebum excretion with prolonged action, improves state and appearance of hair. To achieve maximal effect, it is recommended that the paste be used in combination with the <strong>SULSENA anti-dandruff shampoo<\/strong>.<\/p>\n<p><strong>The effectiveness is confirmed by the State Enterprise Research and Development Institute at Ministry of Labour of the Russian Academy of Medical Sciences. Findings of March 05, 2008.<\/strong><\/p>\n<p><strong>Direction:<\/strong> wash the hair using warm water and shampoo and then rub enough of the paste with circular motions by finger-tips into the scalp at hair roots. Hold after rubbing 10 &#8211; 15 min and rinse with warm running water.<\/p>\n<table style=\"width: 80%;\" border=\"1\">\n<tbody>\n<tr>\n<td colspan=\"4\">Recommundations for use:<\/td>\n<\/tr>\n<tr>\n<td><strong>Designation<\/strong><\/td>\n<td><strong>Frequency\u00a0of use<\/strong><\/td>\n<td><strong>Duration\u00a0of use<\/strong><\/td>\n<td><strong>Periodicity\u00a0of use<\/strong><\/td>\n<\/tr>\n<tr>\n<td>Prophylaxis of dandruff and unpleasant itching<\/td>\n<td>2 times per week<\/td>\n<td>1 month<\/td>\n<td>once a half\u00a0year<\/td>\n<\/tr>\n<\/tbody>\n<\/table>\n<p>Not for treatment.<\/p>\n<p><strong>Precautions:<\/strong> contains selenium disulfide. Avoid contact with eyes and damaged skin. In case of contact, rinse thoroughly with plenty of warm running water. Keep out of the reach of children.<\/p>\n<p><strong>Contraindications:<\/strong> not established.<\/p>\n<p>The paste does not produce side reactions and is allowed to be used without particular restrictions. Do not use the paste if you have individual intolerance or hypersensitivity to any of the ingredients.<\/p>\n<p><strong>Storage conditions:<\/strong> store at the temperature from 0\u00b0C to +25\u00b0C and humidity not more than 70%, away from sources of heat. Avoid ingression of direct sunrays.","protected":false},"excerpt":{"rendered":"<p><strong>Volume:<\/strong> 75 ml<br \/>\n<strong>Kod EAN<\/strong> 4823052201074<br \/>\n<strong>\u0410ge:<\/strong> 18+<br \/>\n<strong>\u0421ountry of origin:<\/strong> Ukraine<br \/>\n<strong>Action:<\/strong> anti-dandruff, has a sebo-regulating effect, reduces itching<br \/>\n<strong>Target gender:<\/strong> unisex<br \/>\n<strong>Hair type:<\/strong> all types<\/p>\n<h3>Where could I buy?<\/h3>\n<table style=\"width: 95%;\" cellspacing=\"1\" cellpadding=\"1\">\n<tbody>\n<tr>\n<td><a href=\"https:\/\/makeup.pl\/product\/193757\/\"><img loading=\"lazy\" class=\"alignnone size-full wp-image-2190\" src=\"https:\/\/sulsena.pl\/wp-content\/uploads\/2020\/08\/makup-min.jpg\" alt=\"\" width=\"215\" height=\"70\" srcset=\"https:\/\/sulsena.pl\/wp-content\/uploads\/2020\/08\/makup-min.jpg 215w, https:\/\/sulsena.pl\/wp-content\/uploads\/2020\/08\/makup-min-150x49.jpg 150w\" sizes=\"(max-width: 215px) 100vw, 215px\" \/><\/a><\/td>\n<td><a href=\"https:\/\/www.amazon.de\/dp\/B07PJDDMLB\/ref=sspa_dk_detail_0?psc=1&amp;pd_rd_i=B07PJDDMLB&amp;pd_rd_w=0ij2W&amp;pf_rd_p=403c666b-0b30-4f66-afde-0388ffdf2c39&amp;pd_rd_wg=aWXJw&amp;pf_rd_r=4V436GA0NR2WAA03XJM3&amp;pd_rd_r=158076aa-e906-4daa-8710-293d432c370c&amp;spLa=ZW5jcnlwdGVkUXVhbGlmaWVyPUExSU9ZNUFUNVY2NzFYJmVuY3J5cHRlZElkPUEwODU4NDI5Mk5ESTNJSFpLSjI2OSZlbmNyeXB0ZWRBZElkPUEwNjQ4NjgzMVoyTUtNVzJFOTJFVCZ3aWRnZXROYW1lPXNwX2RldGFpbCZhY3Rpb249Y2xpY2tSZWRpcmVjdCZkb05vdExvZ0NsaWNrPXRydWU=\"><img loading=\"lazy\" class=\"alignnone size-full wp-image-2191\" src=\"https:\/\/sulsena.pl\/wp-content\/uploads\/2020\/08\/amazon-min.jpg\" alt=\"\" width=\"215\" height=\"70\" srcset=\"https:\/\/sulsena.pl\/wp-content\/uploads\/2020\/08\/amazon-min.jpg 215w, https:\/\/sulsena.pl\/wp-content\/uploads\/2020\/08\/amazon-min-150x49.jpg 150w\" sizes=\"(max-width: 215px) 100vw, 215px\" \/><\/a><\/td>\n<\/tr>\n<\/tbody>\n<\/table>\n","protected":false},"featured_media":2227,"comment_status":"closed","ping_status":"closed","template":"","meta":[],"yoast_head":"<!-- This site is optimized with the Yoast SEO plugin v16.2 - https:\/\/yoast.com\/wordpress\/plugins\/seo\/ -->\n<title>- SULSENA<\/title>\n<meta name=\"robots\" content=\"index, follow, max-snippet:-1, max-image-preview:large, max-video-preview:-1\" \/>\n<link rel=\"canonical\" href=\"https:\/\/sulsena.pl\/sulsena-paste-1-scalp-care-anti-dandruff-75-ml\/\" \/>\n<meta property=\"og:locale\" content=\"en_US\" \/>\n<meta property=\"og:type\" content=\"article\" \/>\n<meta property=\"og:title\" content=\"- SULSENA\" \/>\n<meta property=\"og:description\" content=\"[:en]Volume: 75 ml Kod EAN 4823052201074 \u0410ge: 18+ \u0421ountry of origin: Ukraine Action: anti-dandruff, has a sebo-regulating effect, reduces itching Target gender: unisex Hair type: all types Where could I buy?        [:pl]Pojemno\u015b\u0107: 75 ml Kod EAN 4823052201074 Wiek: 18+ Pochodzenie: Ukraina Dzia\u0142anie: dzia\u0142a przeciw\u0142upie\u017cowo, reguluje wydzielanie sebum, zmniejsza sw\u0119dzenie P\u0142e\u0107: unisex Rodzaj w\u0142os\u00f3w: wszystkie rodzaje Gdzie mog\u0119 kupi\u0107?        [:]\" \/>\n<meta property=\"og:url\" content=\"https:\/\/sulsena.pl\/sulsena-paste-1-scalp-care-anti-dandruff-75-ml\/\" \/>\n<meta property=\"og:site_name\" content=\"SULSENA\" \/>\n<meta property=\"article:modified_time\" content=\"2021-04-22T06:16:33+00:00\" \/>\n<meta property=\"og:image\" content=\"https:\/\/sulsena.pl\/wp-content\/uploads\/2020\/08\/paste1_03-min.jpg\" \/>\n\t<meta property=\"og:image:width\" content=\"600\" \/>\n\t<meta property=\"og:image:height\" content=\"726\" \/>\n<meta name=\"twitter:card\" content=\"summary_large_image\" \/>\n<meta name=\"twitter:label1\" content=\"Est. reading time\">\n\t<meta name=\"twitter:data1\" content=\"2 minutes\">\n<script type=\"application\/ld+json\" class=\"yoast-schema-graph\">{\"@context\":\"https:\/\/schema.org\",\"@graph\":[{\"@type\":\"Organization\",\"@id\":\"https:\/\/sulsena.pl\/#organization\",\"name\":\"Sulsena\",\"url\":\"https:\/\/sulsena.pl\/\",\"sameAs\":[],\"logo\":{\"@type\":\"ImageObject\",\"@id\":\"https:\/\/sulsena.pl\/#logo\",\"inLanguage\":\"en-US\",\"url\":\"https:\/\/sulsena.pl\/wp-content\/uploads\/2020\/10\/s_logo_en_footer.png\",\"contentUrl\":\"https:\/\/sulsena.pl\/wp-content\/uploads\/2020\/10\/s_logo_en_footer.png\",\"width\":254,\"height\":86,\"caption\":\"Sulsena\"},\"image\":{\"@id\":\"https:\/\/sulsena.pl\/#logo\"}},{\"@type\":\"WebSite\",\"@id\":\"https:\/\/sulsena.pl\/#website\",\"url\":\"https:\/\/sulsena.pl\/\",\"name\":\"SULSENA\",\"description\":\"SULSENA\",\"publisher\":{\"@id\":\"https:\/\/sulsena.pl\/#organization\"},\"potentialAction\":[{\"@type\":\"SearchAction\",\"target\":\"https:\/\/sulsena.pl\/?s={search_term_string}\",\"query-input\":\"required name=search_term_string\"}],\"inLanguage\":\"en-US\"},{\"@type\":\"ImageObject\",\"@id\":\"https:\/\/sulsena.pl\/sulsena-paste-1-scalp-care-anti-dandruff-75-ml\/#primaryimage\",\"inLanguage\":\"en-US\",\"url\":\"https:\/\/sulsena.pl\/wp-content\/uploads\/2020\/08\/paste1_03-min.jpg\",\"contentUrl\":\"https:\/\/sulsena.pl\/wp-content\/uploads\/2020\/08\/paste1_03-min.jpg\",\"width\":600,\"height\":726},{\"@type\":\"WebPage\",\"@id\":\"https:\/\/sulsena.pl\/sulsena-paste-1-scalp-care-anti-dandruff-75-ml\/#webpage\",\"url\":\"https:\/\/sulsena.pl\/sulsena-paste-1-scalp-care-anti-dandruff-75-ml\/\",\"name\":\"- SULSENA\",\"isPartOf\":{\"@id\":\"https:\/\/sulsena.pl\/#website\"},\"primaryImageOfPage\":{\"@id\":\"https:\/\/sulsena.pl\/sulsena-paste-1-scalp-care-anti-dandruff-75-ml\/#primaryimage\"},\"datePublished\":\"2020-08-23T06:04:49+00:00\",\"dateModified\":\"2021-04-22T06:16:33+00:00\",\"breadcrumb\":{\"@id\":\"https:\/\/sulsena.pl\/sulsena-paste-1-scalp-care-anti-dandruff-75-ml\/#breadcrumb\"},\"inLanguage\":\"en-US\",\"potentialAction\":[{\"@type\":\"ReadAction\",\"target\":[\"https:\/\/sulsena.pl\/sulsena-paste-1-scalp-care-anti-dandruff-75-ml\/\"]}]},{\"@type\":\"BreadcrumbList\",\"@id\":\"https:\/\/sulsena.pl\/sulsena-paste-1-scalp-care-anti-dandruff-75-ml\/#breadcrumb\",\"itemListElement\":[{\"@type\":\"ListItem\",\"position\":1,\"item\":{\"@type\":\"WebPage\",\"@id\":\"https:\/\/sulsena.pl\/\",\"url\":\"https:\/\/sulsena.pl\/\",\"name\":\"\\u0413\\u043b\\u0430\\u0432\\u043d\\u0430\\u044f \\u0441\\u0442\\u0440\\u0430\\u043d\\u0438\\u0446\\u0430\"}},{\"@type\":\"ListItem\",\"position\":2,\"item\":{\"@type\":\"WebPage\",\"@id\":\"https:\/\/sulsena.pl\/en\/katalog\/\",\"url\":\"https:\/\/sulsena.pl\/en\/katalog\/\",\"name\":\"Katalog\"}},{\"@type\":\"ListItem\",\"position\":3,\"item\":{\"@id\":\"https:\/\/sulsena.pl\/sulsena-paste-1-scalp-care-anti-dandruff-75-ml\/#webpage\"}}]}]}<\/script>\n<!-- \/ Yoast SEO plugin. -->","_links":{"self":[{"href":"https:\/\/sulsena.pl\/en\/wp-json\/wp\/v2\/product\/2075"}],"collection":[{"href":"https:\/\/sulsena.pl\/en\/wp-json\/wp\/v2\/product"}],"about":[{"href":"https:\/\/sulsena.pl\/en\/wp-json\/wp\/v2\/types\/product"}],"replies":[{"embeddable":true,"href":"https:\/\/sulsena.pl\/en\/wp-json\/wp\/v2\/comments?post=2075"}],"wp:featuredmedia":[{"embeddable":true,"href":"https:\/\/sulsena.pl\/en\/wp-json\/wp\/v2\/media\/2227"}],"wp:attachment":[{"href":"https:\/\/sulsena.pl\/en\/wp-json\/wp\/v2\/media?parent=2075"}],"curies":[{"name":"wp","href":"https:\/\/api.w.org\/{rel}","templated":true}]}}