{"id":2453,"date":"2021-10-28T22:18:54","date_gmt":"2021-10-28T19:18:54","guid":{"rendered":"https:\/\/sulsena.pl\/?post_type=product&#038;p=2453"},"modified":"2021-11-28T22:10:30","modified_gmt":"2021-11-28T19:10:30","slug":"sulsena-szampon-peeling-przeciwlupiezowy-z-naturalnym-peelingiem","status":"publish","type":"product","link":"https:\/\/sulsena.pl\/en\/sulsena-szampon-peeling-przeciwlupiezowy-z-naturalnym-peelingiem\/","title":{"rendered":"SULSENA Shampoo-peeling anti-dandruff with natural scrub"},"content":{"rendered":"<strong>STEP<\/strong><strong> 1:<br \/>\n<\/strong><strong>GENTLE CLEANSING<\/strong><\/p>\n<p><strong>\u00a0<\/strong><strong>THE FIRST STEP IN SOLVING THE PROBLEMS OF DANDRUFF AND ITS CONSEQUENCES<\/strong><\/p>\n<p><strong>\u00a0<\/strong><strong>SULSENA Anti-Dandruff Shampoo-Peeling<\/strong> is intended for taking complex care of hair and scalp showing signs of enhanced sebaceous gland secretion and sticky oily dandruff. The shampoo-peeling formula is based on an innovative sebum-regulating complex: the active component <strong>selenium disulfide (SeS2) <\/strong>and the <strong>natural SENSOCEL\u00ae\u00a0scrub<\/strong>.<\/p>\n<p><strong>Shampoo-peeling<\/strong> <strong>action<\/strong>:<\/p>\n<ul>\n<li>Effectively eliminates sticky, hard-to-remove dandruff.<\/li>\n<li>Normalizes the scalp lipid balance.<\/li>\n<li>Inhibits the growth of the Pityrosporum Ovale fungi.<\/li>\n<li>Creates a micro-massage effect, improving the general condition of the scalp.<\/li>\n<li>Perfectly rinses out hair styling products.<\/li>\n<li>Natural scrubbing particles give the scalp additional cleansing and renewal; <u>biodegradable under running water conditions.<\/u><\/li>\n<\/ul>\n<p>The shampoo-peeling balanced formula gently and delicately cleanses the scalp and hair from various impurities, facilitates easier exfoliation of dead epidermal cells, and reduces itching. Has a pleasant scent of aromatic meadow grasses.<\/p>\n<p><strong>Result<\/strong>: a marked anti-dandruff effect, elimination of unpleasant subjective symptoms (itching, sense of discomfort), increased barrier function of the scalp and sebum-regulating effect, visually manifested by significant improvement of the appearance of the scalp and hair.<\/p>\n<p>For maximum results, the shampoo-peeling is recommended for regular use in combination with the active anti-dandruff care products<strong>: SULSENA Paste or SULSENA Shampoo-Paste.<\/strong><\/p>\n<p><strong>Directions<\/strong>: apply to wet hair at the roots, spread over the entire hair length and lather up. Massage gently the hair and scalp at the hair roots. Leave on for 3 minutes, and then rinse thoroughly with warm running water. Repeat the procedure.<\/p>\n<p><strong>Recommendations for use<\/strong>: suitable for frequent use, but not more than 3 times per week. Can be used for sensitive scalp.<\/p>\n<p><strong>Precautions<\/strong>: contains selenium disulfide. Avoid contact with eyes and damaged skin. In case of contact, rinse thoroughly with plenty of warm running water. Keep out of the reach of children.<\/p>\n<p><strong>Contraindications<\/strong>: not established. Do not use the shampoo-peeling if you have individual intolerance or hypersensitivity to any of the ingredients.","protected":false},"excerpt":{"rendered":"<p><strong>Volume:<\/strong> 150 ml<br \/>\n<strong>Kod EAN:<\/strong> 4823052203047<br \/>\n<strong>\u0410ge:<\/strong> 18+<br \/>\n<strong>\u0421ountry of origin:<\/strong> Ukraine<br \/>\n<strong>Action:<\/strong> anti-dandruff, micro massage effect, remove sticky hard-to-remove dandruff, gentle cleansing, suitable for sensitive scalp<br \/>\n<strong>Target gender:<\/strong> unisex<br \/>\n<strong>Hair type:<\/strong> all types<\/p>\n","protected":false},"featured_media":2458,"comment_status":"closed","ping_status":"closed","template":"","meta":[],"yoast_head":"<!-- This site is optimized with the Yoast SEO plugin v16.2 - https:\/\/yoast.com\/wordpress\/plugins\/seo\/ -->\n<title>- SULSENA<\/title>\n<meta name=\"robots\" content=\"index, follow, max-snippet:-1, max-image-preview:large, max-video-preview:-1\" \/>\n<link rel=\"canonical\" href=\"https:\/\/sulsena.pl\/sulsena-szampon-peeling-przeciwlupiezowy-z-naturalnym-peelingiem\/\" \/>\n<meta property=\"og:locale\" content=\"en_US\" \/>\n<meta property=\"og:type\" content=\"article\" \/>\n<meta property=\"og:title\" content=\"- SULSENA\" \/>\n<meta property=\"og:description\" content=\"[:en]Volume: 150 ml Kod EAN: 4823052203047 \u0410ge: 18+ \u0421ountry of origin: Ukraine Action: anti-dandruff, micro massage effect, remove sticky hard-to-remove dandruff, gentle cleansing, suitable for sensitive scalp Target gender: unisex Hair type: all types[:pl]Pojemno\u015b\u0107: 150 ml Kod EAN: 4823052203047 Wiek: 18+ Pochodzenie: Ukraina Dzia\u0142anie: przeciw \u0142upie\u017cowi, efekt mikromasa\u017cu,usuwaj\u0105 przylegaj\u0105cy, ci\u0119\u017cki do usuni\u0119cia \u0142upie\u017c, mi\u0119kko oczyszczaj\u0105, nadaje si\u0119 do stosowany w przypadku wra\u017cliwej sk\u00f3ry g\u0142owy. P\u0142e\u0107: unisex Rodzaj w\u0142os\u00f3w: wszystkie rodzaje[:]\" \/>\n<meta property=\"og:url\" content=\"https:\/\/sulsena.pl\/sulsena-szampon-peeling-przeciwlupiezowy-z-naturalnym-peelingiem\/\" \/>\n<meta property=\"og:site_name\" content=\"SULSENA\" \/>\n<meta property=\"article:modified_time\" content=\"2021-11-28T19:10:30+00:00\" \/>\n<meta property=\"og:image\" content=\"https:\/\/sulsena.pl\/wp-content\/uploads\/2021\/10\/sh-nat-new.jpg\" \/>\n\t<meta property=\"og:image:width\" content=\"600\" \/>\n\t<meta property=\"og:image:height\" content=\"726\" \/>\n<meta name=\"twitter:card\" content=\"summary_large_image\" \/>\n<meta name=\"twitter:label1\" content=\"Est. reading time\">\n\t<meta name=\"twitter:data1\" content=\"2 minutes\">\n<script type=\"application\/ld+json\" class=\"yoast-schema-graph\">{\"@context\":\"https:\/\/schema.org\",\"@graph\":[{\"@type\":\"Organization\",\"@id\":\"https:\/\/sulsena.pl\/#organization\",\"name\":\"Sulsena\",\"url\":\"https:\/\/sulsena.pl\/\",\"sameAs\":[],\"logo\":{\"@type\":\"ImageObject\",\"@id\":\"https:\/\/sulsena.pl\/#logo\",\"inLanguage\":\"en-US\",\"url\":\"https:\/\/sulsena.pl\/wp-content\/uploads\/2020\/10\/s_logo_en_footer.png\",\"contentUrl\":\"https:\/\/sulsena.pl\/wp-content\/uploads\/2020\/10\/s_logo_en_footer.png\",\"width\":254,\"height\":86,\"caption\":\"Sulsena\"},\"image\":{\"@id\":\"https:\/\/sulsena.pl\/#logo\"}},{\"@type\":\"WebSite\",\"@id\":\"https:\/\/sulsena.pl\/#website\",\"url\":\"https:\/\/sulsena.pl\/\",\"name\":\"SULSENA\",\"description\":\"SULSENA\",\"publisher\":{\"@id\":\"https:\/\/sulsena.pl\/#organization\"},\"potentialAction\":[{\"@type\":\"SearchAction\",\"target\":\"https:\/\/sulsena.pl\/?s={search_term_string}\",\"query-input\":\"required name=search_term_string\"}],\"inLanguage\":\"en-US\"},{\"@type\":\"ImageObject\",\"@id\":\"https:\/\/sulsena.pl\/sulsena-szampon-peeling-przeciwlupiezowy-z-naturalnym-peelingiem\/#primaryimage\",\"inLanguage\":\"en-US\",\"url\":\"https:\/\/sulsena.pl\/wp-content\/uploads\/2021\/10\/sh-nat-new.jpg\",\"contentUrl\":\"https:\/\/sulsena.pl\/wp-content\/uploads\/2021\/10\/sh-nat-new.jpg\",\"width\":600,\"height\":726,\"caption\":\"SULSENA szampon-peeling przeciw\\u0142upie\\u017cowy z naturalnym peelingiem\"},{\"@type\":\"WebPage\",\"@id\":\"https:\/\/sulsena.pl\/sulsena-szampon-peeling-przeciwlupiezowy-z-naturalnym-peelingiem\/#webpage\",\"url\":\"https:\/\/sulsena.pl\/sulsena-szampon-peeling-przeciwlupiezowy-z-naturalnym-peelingiem\/\",\"name\":\"- SULSENA\",\"isPartOf\":{\"@id\":\"https:\/\/sulsena.pl\/#website\"},\"primaryImageOfPage\":{\"@id\":\"https:\/\/sulsena.pl\/sulsena-szampon-peeling-przeciwlupiezowy-z-naturalnym-peelingiem\/#primaryimage\"},\"datePublished\":\"2021-10-28T19:18:54+00:00\",\"dateModified\":\"2021-11-28T19:10:30+00:00\",\"breadcrumb\":{\"@id\":\"https:\/\/sulsena.pl\/sulsena-szampon-peeling-przeciwlupiezowy-z-naturalnym-peelingiem\/#breadcrumb\"},\"inLanguage\":\"en-US\",\"potentialAction\":[{\"@type\":\"ReadAction\",\"target\":[\"https:\/\/sulsena.pl\/sulsena-szampon-peeling-przeciwlupiezowy-z-naturalnym-peelingiem\/\"]}]},{\"@type\":\"BreadcrumbList\",\"@id\":\"https:\/\/sulsena.pl\/sulsena-szampon-peeling-przeciwlupiezowy-z-naturalnym-peelingiem\/#breadcrumb\",\"itemListElement\":[{\"@type\":\"ListItem\",\"position\":1,\"item\":{\"@type\":\"WebPage\",\"@id\":\"https:\/\/sulsena.pl\/\",\"url\":\"https:\/\/sulsena.pl\/\",\"name\":\"\\u0413\\u043b\\u0430\\u0432\\u043d\\u0430\\u044f \\u0441\\u0442\\u0440\\u0430\\u043d\\u0438\\u0446\\u0430\"}},{\"@type\":\"ListItem\",\"position\":2,\"item\":{\"@type\":\"WebPage\",\"@id\":\"https:\/\/sulsena.pl\/en\/katalog\/\",\"url\":\"https:\/\/sulsena.pl\/en\/katalog\/\",\"name\":\"Katalog\"}},{\"@type\":\"ListItem\",\"position\":3,\"item\":{\"@id\":\"https:\/\/sulsena.pl\/sulsena-szampon-peeling-przeciwlupiezowy-z-naturalnym-peelingiem\/#webpage\"}}]}]}<\/script>\n<!-- \/ Yoast SEO plugin. -->","_links":{"self":[{"href":"https:\/\/sulsena.pl\/en\/wp-json\/wp\/v2\/product\/2453"}],"collection":[{"href":"https:\/\/sulsena.pl\/en\/wp-json\/wp\/v2\/product"}],"about":[{"href":"https:\/\/sulsena.pl\/en\/wp-json\/wp\/v2\/types\/product"}],"replies":[{"embeddable":true,"href":"https:\/\/sulsena.pl\/en\/wp-json\/wp\/v2\/comments?post=2453"}],"wp:featuredmedia":[{"embeddable":true,"href":"https:\/\/sulsena.pl\/en\/wp-json\/wp\/v2\/media\/2458"}],"wp:attachment":[{"href":"https:\/\/sulsena.pl\/en\/wp-json\/wp\/v2\/media?parent=2453"}],"curies":[{"name":"wp","href":"https:\/\/api.w.org\/{rel}","templated":true}]}}